{"id":9,"date":"2020-08-06T12:28:40","date_gmt":"2020-08-06T10:28:40","guid":{"rendered":"https:\/\/www.golfandmore.com\/blog\/?page_id=9"},"modified":"2020-08-18T16:59:19","modified_gmt":"2020-08-18T14:59:19","slug":"ueber-uns","status":"publish","type":"page","link":"https:\/\/www.golfandmore.com\/blog\/ueber-uns\/","title":{"rendered":"\u00dcber uns"},"content":{"rendered":"\n<p><\/p>\n\n\n\n<p><a target=\"_blank\" rel=\"noreferrer noopener\" href=\"https:\/\/maps.google.com\/maps?ll=41.890188,12.488624&amp;z=5&amp;t=m&amp;hl=de&amp;gl=US&amp;mapclient=apiv3\"><\/a><\/p>\n\n\n\n\n\n<p>Golf, Reisen und Genuss hierf\u00fcr steht Golf &amp; More. Die Vielfalt und Sch\u00f6nheit des Landes k\u00f6nnen Sie auf unserer Internetseite entdecken. Verlassen k\u00f6nnen Sie sich hierbei auf erstklassige Hotels, auf au\u00dfergew\u00f6hnliche Angebote, auf exklusive Golfpl\u00e4tze und \u2013 vor allem \u2013 auf eine Beratungskompetenz, die ihresgleichen in der Golfreisen-Branche sucht. Ganz gleich, ob Sie sich f\u00fcr eine Golfreise, eine Gourmet- oder eine Kulturreise interessieren, das bew\u00e4hrte Team von  Golf &amp; More kann Ihnen mit Sicherheit das passende Paket f\u00fcr die sch\u00f6nsten Tage und Wochen des Jahres schn\u00fcren.<\/p>\n\n\n\n<p>Individualit\u00e4t und Exklusivit\u00e4t sind f\u00fcr uns schlie\u00dflich die beiden Seiten ein und derselben Medaille.<br>Gehen Sie mit uns auf die Reise in das \u2013 wie wir finden \u2013 sch\u00f6nste Golfreiseland, das es gibt: unser geliebtes Italien. Und vielleicht finden Sie auf unserer Seite die dazu passenden Anregungen f\u00fcr Ihre n\u00e4chste Golf-, Gourmet- oder Event-Reise.<\/p>\n","protected":false},"excerpt":{"rendered":"<p>Golf, Reisen und Genuss hierf\u00fcr steht Golf &amp; More. Die Vielfalt und Sch\u00f6nheit des Landes k\u00f6nnen Sie auf unserer Internetseite entdecken. Verlassen k\u00f6nnen Sie sich hierbei auf erstklassige Hotels, auf au\u00dfergew\u00f6hnliche Angebote, auf exklusive Golfpl\u00e4tze und \u2013 vor allem \u2013 auf eine Beratungskompetenz, die ihresgleichen in der Golfreisen-Branche sucht. Ganz gleich, ob Sie sich f\u00fcr eine Golfreise, eine Gourmet- oder eine Kulturreise interessieren, das bew\u00e4hrte Team von Golf &amp; More kann Ihnen mit Sicherheit das passende Paket f\u00fcr die sch\u00f6nsten Tage und Wochen des Jahres schn\u00fcren. Individualit\u00e4t und Exklusivit\u00e4t sind f\u00fcr uns schlie\u00dflich die beiden Seiten ein und derselben Medaille.Gehen Sie mit uns auf die Reise in das \u2013 wie wir finden \u2013 sch\u00f6nste Golfreiseland, das es gibt: unser geliebtes Italien. Und vielleicht finden Sie auf unserer Seite die dazu passenden Anregungen f\u00fcr Ihre n\u00e4chste Golf-, Gourmet- oder Event-Reise.<\/p>\n","protected":false},"author":1,"featured_media":58,"parent":0,"menu_order":0,"comment_status":"closed","ping_status":"closed","template":"","meta":{"footnotes":""},"class_list":["post-9","page","type-page","status-publish","has-post-thumbnail","hentry"],"lang":"de","translations":{"de":9},"pll_sync_post":{},"_links":{"self":[{"href":"https:\/\/www.golfandmore.com\/blog\/wp-json\/wp\/v2\/pages\/9","targetHints":{"allow":["GET"]}}],"collection":[{"href":"https:\/\/www.golfandmore.com\/blog\/wp-json\/wp\/v2\/pages"}],"about":[{"href":"https:\/\/www.golfandmore.com\/blog\/wp-json\/wp\/v2\/types\/page"}],"author":[{"embeddable":true,"href":"https:\/\/www.golfandmore.com\/blog\/wp-json\/wp\/v2\/users\/1"}],"replies":[{"embeddable":true,"href":"https:\/\/www.golfandmore.com\/blog\/wp-json\/wp\/v2\/comments?post=9"}],"version-history":[{"count":3,"href":"https:\/\/www.golfandmore.com\/blog\/wp-json\/wp\/v2\/pages\/9\/revisions"}],"predecessor-version":[{"id":104,"href":"https:\/\/www.golfandmore.com\/blog\/wp-json\/wp\/v2\/pages\/9\/revisions\/104"}],"wp:featuredmedia":[{"embeddable":true,"href":"https:\/\/www.golfandmore.com\/blog\/wp-json\/wp\/v2\/media\/58"}],"wp:attachment":[{"href":"https:\/\/www.golfandmore.com\/blog\/wp-json\/wp\/v2\/media?parent=9"}],"curies":[{"name":"wp","href":"https:\/\/api.w.org\/{rel}","templated":true}]}}